{"id":670,"date":"2021-02-03T02:27:38","date_gmt":"2021-02-03T02:27:38","guid":{"rendered":"https:\/\/comotocarcavaquinho.com\/cursos\/?page_id=670"},"modified":"2025-02-14T14:05:15","modified_gmt":"2025-02-14T14:05:15","slug":"primeiros-passos-importantes","status":"publish","type":"page","link":"https:\/\/comotocarcavaquinho.com\/cursos\/primeiros-passos-importantes\/","title":{"rendered":"Primeiros Passos Importantes"},"content":{"rendered":"\n\n\n<figure class=\"wp-block-embed is-type-video is-provider-youtube wp-block-embed-youtube wp-embed-aspect-16-9 wp-has-aspect-ratio\"><div class=\"wp-block-embed__wrapper\">\n<iframe title=\"Primeiros passos, afiliado iniciante.\" width=\"1200\" height=\"675\" src=\"https:\/\/www.youtube.com\/embed\/2uynTkpZMLo?feature=oembed\" frameborder=\"0\" allow=\"accelerometer; autoplay; clipboard-write; encrypted-media; gyroscope; picture-in-picture; web-share\" referrerpolicy=\"strict-origin-when-cross-origin\" allowfullscreen><\/iframe>\n<\/div><\/figure>\n\n\n<p>Cadastro Hotmart &gt; <a href=\"https:\/\/www.hotmart.com\/pt-BR\" target=\"_blank\" rel=\"noopener\">https:\/\/www.hotmart.com\/pt-<\/a><\/p>\n\n\n<hr class=\"wp-block-separator has-alpha-channel-opacity\"\/>\n\n\n\n<p>Link para afilia\u00e7\u00e3o <strong>Novo Curso Como Tocar Cavaquinho 3.0 Completo:<\/strong><br>:&gt;  <a href=\"https:\/\/app-vlc.hotmart.com\/affiliate-recruiting\/view\/3550N3927665\">https:\/\/app-vlc.hotmart.com\/affiliate-recruiting\/view\/3550N3927665<\/a><\/p>\n\n\n\n<hr class=\"wp-block-separator has-alpha-channel-opacity\"\/>\n\n\n\n<p>Link para afilia\u00e7\u00e3o Novo Curso <strong>M\u00e9todo Start Cavaquinho Inicial<\/strong><br>:&gt; <a href=\"https:\/\/app.hotmart.com\/affiliate-recruiting\/view\/2654C4473870\">https:\/\/app.hotmart.com\/affiliate-recruiting\/view\/2654C4473870<\/a><\/p>\n\n\n\n<hr class=\"wp-block-separator has-alpha-channel-opacity\"\/>\n\n\n\n<p>Link para afilia\u00e7\u00e3o <strong>Novo Curso<\/strong> <strong>Como Tocar Cavaquinho Iniciante.<\/strong><br>:&gt; <a href=\"https:\/\/app.hotmart.com\/affiliate-recruiting\/view\/8956N6720912\">https:\/\/app.hotmart.com\/affiliate-recruiting\/view\/8956N6720912<\/a><\/p>\n\n\n\n<hr class=\"wp-block-separator has-alpha-channel-opacity\"\/>\n\n\n\n<p>Link para afilia\u00e7\u00e3o <strong>Novo M\u00e9todo V\u00eddeo Cifras De Cavaquinho Categoria Gospel.<\/strong><br>:&gt; <a href=\"https:\/\/app-vlc.hotmart.com\/affiliate-recruiting\/view\/0509N82885356\">https:\/\/app-vlc.hotmart.com\/affiliate-recruiting\/view\/0509N82885356<\/a><\/p>\n\n\n\n<hr class=\"wp-block-separator has-alpha-channel-opacity\"\/>\n\n\n\n<p>Link para afilia\u00e7\u00e3o <strong>Novo M\u00e9todo V\u00eddeo Cifras De Cavaquinho Todas Categorias.<\/strong><br>:&gt; <a href=\"https:\/\/app.hotmart.com\/affiliate-recruiting\/view\/4671N74511821\">https:\/\/app.hotmart.com\/affiliate-recruiting\/view\/4671N74511821<\/a><\/p>\n\n\n\n<hr class=\"wp-block-separator has-alpha-channel-opacity\"\/>\n\n\n\n<p><\/p>\n","protected":false},"excerpt":{"rendered":"<p>Cadastro Hotmart &gt; https:\/\/www.hotmart.com\/pt- Link para afilia\u00e7\u00e3o Novo Curso Como Tocar Cavaquinho 3.0 Completo::&gt; https:\/\/app-vlc.hotmart.com\/affiliate-recruiting\/view\/3550N3927665 Link para afilia\u00e7\u00e3o Novo Curso M\u00e9todo Start Cavaquinho Inicial:&gt; https:\/\/app.hotmart.com\/affiliate-recruiting\/view\/2654C4473870 Link para afilia\u00e7\u00e3o Novo Curso Como Tocar Cavaquinho Iniciante.:&gt; https:\/\/app.hotmart.com\/affiliate-recruiting\/view\/8956N6720912 Link para afilia\u00e7\u00e3o Novo M\u00e9todo V\u00eddeo Cifras De Cavaquinho Categoria Gospel.:&gt; https:\/\/app-vlc.hotmart.com\/affiliate-recruiting\/view\/0509N82885356 Link para afilia\u00e7\u00e3o Novo M\u00e9todo V\u00eddeo Cifras De &#8230; <a title=\"Primeiros Passos Importantes\" class=\"read-more\" href=\"https:\/\/comotocarcavaquinho.com\/cursos\/primeiros-passos-importantes\/\" aria-label=\"Mais em Primeiros Passos Importantes.\">Leia mais<\/a><\/p>\n","protected":false},"author":1,"featured_media":0,"parent":0,"menu_order":0,"comment_status":"closed","ping_status":"closed","template":"","meta":{"footnotes":""},"class_list":["post-670","page","type-page","status-publish"],"_links":{"self":[{"href":"https:\/\/comotocarcavaquinho.com\/cursos\/wp-json\/wp\/v2\/pages\/670","targetHints":{"allow":["GET"]}}],"collection":[{"href":"https:\/\/comotocarcavaquinho.com\/cursos\/wp-json\/wp\/v2\/pages"}],"about":[{"href":"https:\/\/comotocarcavaquinho.com\/cursos\/wp-json\/wp\/v2\/types\/page"}],"author":[{"embeddable":true,"href":"https:\/\/comotocarcavaquinho.com\/cursos\/wp-json\/wp\/v2\/users\/1"}],"replies":[{"embeddable":true,"href":"https:\/\/comotocarcavaquinho.com\/cursos\/wp-json\/wp\/v2\/comments?post=670"}],"version-history":[{"count":8,"href":"https:\/\/comotocarcavaquinho.com\/cursos\/wp-json\/wp\/v2\/pages\/670\/revisions"}],"predecessor-version":[{"id":962,"href":"https:\/\/comotocarcavaquinho.com\/cursos\/wp-json\/wp\/v2\/pages\/670\/revisions\/962"}],"wp:attachment":[{"href":"https:\/\/comotocarcavaquinho.com\/cursos\/wp-json\/wp\/v2\/media?parent=670"}],"curies":[{"name":"wp","href":"https:\/\/api.w.org\/{rel}","templated":true}]}}