{"id":540,"date":"2021-01-26T20:39:23","date_gmt":"2021-01-26T20:39:23","guid":{"rendered":"https:\/\/comotocarcavaquinho.com\/cursos\/?page_id=540"},"modified":"2021-02-11T21:25:53","modified_gmt":"2021-02-11T21:25:53","slug":"aula-04","status":"publish","type":"page","link":"https:\/\/comotocarcavaquinho.com\/cursos\/aula-04\/","title":{"rendered":"04-Comiss\u00f5es e Hotlinks."},"content":{"rendered":"<div class=\"members-access-error\">Desculpe, mas voc\u00ea n\u00e3o tem permiss\u00e3o para visualizar este conte\u00fado: <a href=\"https:\/\/comotocarcavaquinho.com\/cursos\/cadastro-e-acesso\/\"><strong>Clique aqui para se cadastrar<\/strong><\/a><\/p>\n<div style=\"padding: 70.87% 0 0 0\"><\/div>\n<\/div>\n","protected":false},"excerpt":{"rendered":"<div class=\"members-access-error\">Desculpe, mas voc\u00ea n\u00e3o tem permiss\u00e3o para visualizar este conte\u00fado: <a href=\"https:\/\/comotocarcavaquinho.com\/cursos\/cadastro-e-acesso\/\"><strong>Clique aqui para se cadastrar<\/strong><\/a><\/p>\n<div style=\"padding: 70.87% 0 0 0\"><\/div>\n<\/div>\n","protected":false},"author":1,"featured_media":0,"parent":0,"menu_order":0,"comment_status":"closed","ping_status":"closed","template":"","meta":{"footnotes":""},"class_list":["post-540","page","type-page","status-publish"],"_links":{"self":[{"href":"https:\/\/comotocarcavaquinho.com\/cursos\/wp-json\/wp\/v2\/pages\/540","targetHints":{"allow":["GET"]}}],"collection":[{"href":"https:\/\/comotocarcavaquinho.com\/cursos\/wp-json\/wp\/v2\/pages"}],"about":[{"href":"https:\/\/comotocarcavaquinho.com\/cursos\/wp-json\/wp\/v2\/types\/page"}],"author":[{"embeddable":true,"href":"https:\/\/comotocarcavaquinho.com\/cursos\/wp-json\/wp\/v2\/users\/1"}],"replies":[{"embeddable":true,"href":"https:\/\/comotocarcavaquinho.com\/cursos\/wp-json\/wp\/v2\/comments?post=540"}],"version-history":[{"count":6,"href":"https:\/\/comotocarcavaquinho.com\/cursos\/wp-json\/wp\/v2\/pages\/540\/revisions"}],"predecessor-version":[{"id":690,"href":"https:\/\/comotocarcavaquinho.com\/cursos\/wp-json\/wp\/v2\/pages\/540\/revisions\/690"}],"wp:attachment":[{"href":"https:\/\/comotocarcavaquinho.com\/cursos\/wp-json\/wp\/v2\/media?parent=540"}],"curies":[{"name":"wp","href":"https:\/\/api.w.org\/{rel}","templated":true}]}}