{"id":532,"date":"2021-01-26T20:27:04","date_gmt":"2021-01-26T20:27:04","guid":{"rendered":"https:\/\/comotocarcavaquinho.com\/cursos\/?page_id=532"},"modified":"2025-02-14T14:21:02","modified_gmt":"2025-02-14T14:21:02","slug":"aula-01","status":"publish","type":"page","link":"https:\/\/comotocarcavaquinho.com\/cursos\/aula-01\/","title":{"rendered":"V\u00cdDEO 01"},"content":{"rendered":"<div class=\"members-access-error\">Desculpe, mas voc\u00ea n\u00e3o tem permiss\u00e3o para visualizar este conte\u00fado: <a href=\"https:\/\/comotocarcavaquinho.com\/cursos\/cadastro-e-acesso\/\"><strong>Clique aqui para se cadastrar<\/strong><\/a><\/p>\n<div style=\"padding: 70.87% 0 0 0\"><\/div>\n<\/div>\n","protected":false},"excerpt":{"rendered":"<div class=\"members-access-error\">Desculpe, mas voc\u00ea n\u00e3o tem permiss\u00e3o para visualizar este conte\u00fado: <a href=\"https:\/\/comotocarcavaquinho.com\/cursos\/cadastro-e-acesso\/\"><strong>Clique aqui para se cadastrar<\/strong><\/a><\/p>\n<div style=\"padding: 70.87% 0 0 0\"><\/div>\n<\/div>\n","protected":false},"author":1,"featured_media":0,"parent":0,"menu_order":0,"comment_status":"closed","ping_status":"closed","template":"","meta":{"footnotes":""},"class_list":["post-532","page","type-page","status-publish"],"_links":{"self":[{"href":"https:\/\/comotocarcavaquinho.com\/cursos\/wp-json\/wp\/v2\/pages\/532","targetHints":{"allow":["GET"]}}],"collection":[{"href":"https:\/\/comotocarcavaquinho.com\/cursos\/wp-json\/wp\/v2\/pages"}],"about":[{"href":"https:\/\/comotocarcavaquinho.com\/cursos\/wp-json\/wp\/v2\/types\/page"}],"author":[{"embeddable":true,"href":"https:\/\/comotocarcavaquinho.com\/cursos\/wp-json\/wp\/v2\/users\/1"}],"replies":[{"embeddable":true,"href":"https:\/\/comotocarcavaquinho.com\/cursos\/wp-json\/wp\/v2\/comments?post=532"}],"version-history":[{"count":6,"href":"https:\/\/comotocarcavaquinho.com\/cursos\/wp-json\/wp\/v2\/pages\/532\/revisions"}],"predecessor-version":[{"id":964,"href":"https:\/\/comotocarcavaquinho.com\/cursos\/wp-json\/wp\/v2\/pages\/532\/revisions\/964"}],"wp:attachment":[{"href":"https:\/\/comotocarcavaquinho.com\/cursos\/wp-json\/wp\/v2\/media?parent=532"}],"curies":[{"name":"wp","href":"https:\/\/api.w.org\/{rel}","templated":true}]}}